{"id":935,"date":"2025-04-29T13:54:22","date_gmt":"2025-04-29T13:54:22","guid":{"rendered":"https:\/\/simsportscorporation.com\/contactez-nous-sim-sports-corporation\/"},"modified":"2025-05-21T19:32:50","modified_gmt":"2025-05-21T19:32:50","slug":"contactez-nous-sim-sports-corporation","status":"publish","type":"page","link":"https:\/\/simsportscorporation.com\/fr\/contactez-nous-sim-sports-corporation\/","title":{"rendered":"Contactez-nous &#8211; Sim Sports Corporation"},"content":{"rendered":"<p>[et_pb_section fb_built=\u00a0\u00bb1&Prime; admin_label=\u00a0\u00bbsection accueil entete\u00a0\u00bb module_class=\u00a0\u00bbsection-hover-trigger\u00a0\u00bb _builder_version=\u00a0\u00bb4.27.4&Prime; background_color=\u00a0\u00bb#000000&Prime; background_image=\u00a0\u00bbhttps:\/\/simsportscorporation.com\/wp-content\/uploads\/2025\/04\/Contact-us-Banner.png\u00a0\u00bb parallax=\u00a0\u00bbon\u00a0\u00bb parallax_method=\u00a0\u00bboff\u00a0\u00bb custom_margin=\u00a0\u00bb0px||0px||true|false\u00a0\u00bb custom_padding=\u00a0\u00bb0px||0px||false|false\u00a0\u00bb global_colors_info=\u00a0\u00bb{}\u00a0\u00bb][et_pb_row _builder_version=\u00a0\u00bb4.19.3&Prime; _module_preset=\u00a0\u00bbdefault\u00a0\u00bb position_origin_a=\u00a0\u00bbbottom_left\u00a0\u00bb position_origin_r=\u00a0\u00bbbottom_left\u00a0\u00bb height=\u00a0\u00bb819px\u00a0\u00bb height_tablet=\u00a0\u00bb613px\u00a0\u00bb height_phone=\u00a0\u00bb383px\u00a0\u00bb height_last_edited=\u00a0\u00bbon|desktop\u00a0\u00bb custom_margin=\u00a0\u00bb0px||0px||true|false\u00a0\u00bb custom_padding=\u00a0\u00bb0px||0px||true|false\u00a0\u00bb custom_css_main_element=\u00a0\u00bbposition: relative;\u00a0\u00bb global_colors_info=\u00a0\u00bb{}\u00a0\u00bb][et_pb_column type=\u00a0\u00bb4_4&Prime; _builder_version=\u00a0\u00bb4.19.3&Prime; _module_preset=\u00a0\u00bbdefault\u00a0\u00bb custom_css_main_element=\u00a0\u00bbposition: relative;\u00a0\u00bb global_colors_info=\u00a0\u00bb{}\u00a0\u00bb][et_pb_text module_class=\u00a0\u00bbtexte-entrance\u00a0\u00bb _builder_version=\u00a0\u00bb4.27.4&Prime; _module_preset=\u00a0\u00bbdefault\u00a0\u00bb header_font=\u00a0\u00bb|||on|||||\u00a0\u00bb header_text_color=\u00a0\u00bbgcid-f739ba2f-8aa0-47b6-a711-9f9cd598372e\u00a0\u00bb header_font_size=\u00a0\u00bb50px\u00a0\u00bb header_letter_spacing=\u00a0\u00bb1px\u00a0\u00bb header_line_height=\u00a0\u00bb1.1em\u00a0\u00bb background_color=\u00a0\u00bbRGBA(23,23,23,0.5)\u00a0\u00bb positioning=\u00a0\u00bbrelative\u00a0\u00bb position_origin_a=\u00a0\u00bbbottom_left\u00a0\u00bb position_origin_r=\u00a0\u00bbbottom_left\u00a0\u00bb width=\u00a0\u00bb50%\u00a0\u00bb width_tablet=\u00a0\u00bb50%\u00a0\u00bb width_phone=\u00a0\u00bb100%\u00a0\u00bb width_last_edited=\u00a0\u00bbon|phone\u00a0\u00bb custom_margin=\u00a0\u00bb52.3%||||false|true\u00a0\u00bb custom_padding=\u00a0\u00bb40px|50px|40px|50px|true|true\u00a0\u00bb animation_style=\u00a0\u00bbslide\u00a0\u00bb animation_direction=\u00a0\u00bbleft\u00a0\u00bb header_font_size_tablet=\u00a0\u00bb63px\u00a0\u00bb header_font_size_phone=\u00a0\u00bb28px\u00a0\u00bb header_font_size_last_edited=\u00a0\u00bbon|phone\u00a0\u00bb locked=\u00a0\u00bboff\u00a0\u00bb global_colors_info=\u00a0\u00bb{%22gcid-f739ba2f-8aa0-47b6-a711-9f9cd598372e%22:%91%22header_text_color%22%93}\u00a0\u00bb]<\/p>\n<h1>Pr\u00eat<br \/>\n\u00e0 entrer<br \/>\ndans le jeu ?<\/h1>\n<p>[\/et_pb_text][\/et_pb_column][\/et_pb_row][\/et_pb_section][et_pb_section fb_built=\u00a0\u00bb1&Prime; custom_padding_last_edited=\u00a0\u00bbon|phone\u00a0\u00bb admin_label=\u00a0\u00bbSection Texte\u00a0\u00bb _builder_version=\u00a0\u00bb4.27.4&Prime; _module_preset=\u00a0\u00bbdefault\u00a0\u00bb background_color=\u00a0\u00bb#000000&Prime; custom_margin_tablet=\u00a0\u00bb\u00a0\u00bb custom_margin_phone=\u00a0\u00bb||||false|false\u00a0\u00bb custom_margin_last_edited=\u00a0\u00bbon|phone\u00a0\u00bb custom_padding=\u00a0\u00bb75px||85px||false|false\u00a0\u00bb custom_padding_tablet=\u00a0\u00bb85px||85px||true|false\u00a0\u00bb custom_padding_phone=\u00a0\u00bb85px||85px||true|true\u00a0\u00bb global_colors_info=\u00a0\u00bb{}\u00a0\u00bb][et_pb_row custom_padding_last_edited=\u00a0\u00bbon|phone\u00a0\u00bb _builder_version=\u00a0\u00bb4.27.4&Prime; _module_preset=\u00a0\u00bbdefault\u00a0\u00bb width_tablet=\u00a0\u00bb\u00a0\u00bb width_phone=\u00a0\u00bb90%\u00a0\u00bb width_last_edited=\u00a0\u00bbon|phone\u00a0\u00bb custom_margin_tablet=\u00a0\u00bb\u00a0\u00bb custom_margin_phone=\u00a0\u00bb||||false|true\u00a0\u00bb custom_margin_last_edited=\u00a0\u00bbon|phone\u00a0\u00bb custom_padding_tablet=\u00a0\u00bb\u00a0\u00bb custom_padding_phone=\u00a0\u00bb|||0px|false|false\u00a0\u00bb global_colors_info=\u00a0\u00bb{}\u00a0\u00bb width__hover_enabled=\u00a0\u00bboff|desktop\u00a0\u00bb][et_pb_column type=\u00a0\u00bb4_4&Prime; _builder_version=\u00a0\u00bb4.27.4&Prime; _module_preset=\u00a0\u00bbdefault\u00a0\u00bb global_colors_info=\u00a0\u00bb{}\u00a0\u00bb][et_pb_text _builder_version=\u00a0\u00bb4.27.4&Prime; _module_preset=\u00a0\u00bbdefault\u00a0\u00bb header_text_color=\u00a0\u00bbgcid-f739ba2f-8aa0-47b6-a711-9f9cd598372e\u00a0\u00bb header_2_font=\u00a0\u00bb|600||on|||||\u00a0\u00bb header_2_text_align=\u00a0\u00bbcenter\u00a0\u00bb header_2_text_color=\u00a0\u00bbgcid-f739ba2f-8aa0-47b6-a711-9f9cd598372e\u00a0\u00bb header_2_font_size=\u00a0\u00bb51px\u00a0\u00bb header_2_letter_spacing=\u00a0\u00bb3px\u00a0\u00bb header_2_line_height=\u00a0\u00bb1.3em\u00a0\u00bb custom_padding=\u00a0\u00bb||25px|||\u00a0\u00bb header_2_font_size_tablet=\u00a0\u00bb51px\u00a0\u00bb header_2_font_size_phone=\u00a0\u00bb42px\u00a0\u00bb header_2_font_size_last_edited=\u00a0\u00bbon|phone\u00a0\u00bb locked=\u00a0\u00bboff\u00a0\u00bb global_colors_info=\u00a0\u00bb{%22gcid-f739ba2f-8aa0-47b6-a711-9f9cd598372e%22:%91%22header_text_color%22,%22header_2_text_color%22%93}\u00a0\u00bb]<\/p>\n<h2>Contactez nous<\/h2>\n<p>[\/et_pb_text][et_pb_text _builder_version=\u00a0\u00bb4.27.4&Prime; _module_preset=\u00a0\u00bbdefault\u00a0\u00bb text_font=\u00a0\u00bb|300|||||||\u00a0\u00bb text_text_color=\u00a0\u00bbgcid-f739ba2f-8aa0-47b6-a711-9f9cd598372e\u00a0\u00bb text_font_size=\u00a0\u00bb21px\u00a0\u00bb text_letter_spacing=\u00a0\u00bb3px\u00a0\u00bb text_line_height=\u00a0\u00bb1.6em\u00a0\u00bb text_orientation=\u00a0\u00bbcenter\u00a0\u00bb width=\u00a0\u00bb76%\u00a0\u00bb width_tablet=\u00a0\u00bb76%\u00a0\u00bb width_phone=\u00a0\u00bb100%\u00a0\u00bb width_last_edited=\u00a0\u00bbon|phone\u00a0\u00bb text_font_size_tablet=\u00a0\u00bb21px\u00a0\u00bb text_font_size_phone=\u00a0\u00bb18px\u00a0\u00bb text_font_size_last_edited=\u00a0\u00bbon|phone\u00a0\u00bb custom_css_main_element=\u00a0\u00bbmargin-left: auto;||margin-right: auto;||display: block;\u00a0\u00bb global_colors_info=\u00a0\u00bb{%22gcid-f739ba2f-8aa0-47b6-a711-9f9cd598372e%22:%91%22text_text_color%22%93}\u00a0\u00bb]Contactez-nous d\u00e8s aujourd\u2019hui et prenons le d\u00e9part ensemble ! [\/et_pb_text][dvppl_cf7_styler form_padding=\u00a0\u00bb0px||0px||false|false\u00a0\u00bb button_alignment=\u00a0\u00bbright\u00a0\u00bb form_field_padding=\u00a0\u00bb0px|15px|10px|15px|false|false\u00a0\u00bb form_label_spacing=\u00a0\u00bb30px\u00a0\u00bb cf7_message_padding=\u00a0\u00bb5px\u00a0\u00bb cf7_message_margin_top=\u00a0\u00bb5px\u00a0\u00bb cf7_message_color=\u00a0\u00bb#E02B20&Prime; cf7_message_bg_color=\u00a0\u00bbRGBA(255,255,255,0)\u00a0\u00bb cf7_border_highlight_color=\u00a0\u00bbgcid-f739ba2f-8aa0-47b6-a711-9f9cd598372e\u00a0\u00bb cf7_success_message_color=\u00a0\u00bb#FFFFFF\u00a0\u00bb cf7_success_message_bg_color=\u00a0\u00bbRGBA(255,255,255,0)\u00a0\u00bb cf7_success_border_color=\u00a0\u00bbRGBA(255,255,255,0)\u00a0\u00bb cf7_error_message_color=\u00a0\u00bb#E02B20&Prime; cf7_error_message_bg_color=\u00a0\u00bbRGBA(255,255,255,0)\u00a0\u00bb cf7_error_border_color=\u00a0\u00bbRGBA(255,255,255,0)\u00a0\u00bb _builder_version=\u00a0\u00bb4.27.4&Prime; _module_preset=\u00a0\u00bbdefault\u00a0\u00bb form_field_font_font=\u00a0\u00bbMontserrat|500||on|||||\u00a0\u00bb form_field_font_text_color=\u00a0\u00bbgcid-f739ba2f-8aa0-47b6-a711-9f9cd598372e\u00a0\u00bb form_field_font_font_size=\u00a0\u00bb12px\u00a0\u00bb labels_font=\u00a0\u00bbMontserrat|||on|||||\u00a0\u00bb background_color=\u00a0\u00bbgcid-87408612-7e7d-4ab1-b978-e2ffc503044e\u00a0\u00bb submit_button_text_size=\u00a0\u00bb19px\u00a0\u00bb submit_button_text_color=\u00a0\u00bbgcid-f739ba2f-8aa0-47b6-a711-9f9cd598372e\u00a0\u00bb width=\u00a0\u00bb45%\u00a0\u00bb width_tablet=\u00a0\u00bb100%\u00a0\u00bb width_phone=\u00a0\u00bb100%\u00a0\u00bb width_last_edited=\u00a0\u00bbon|desktop\u00a0\u00bb custom_margin=\u00a0\u00bb||||false|false\u00a0\u00bb custom_padding=\u00a0\u00bb20px|20px|20px|20px|true|true\u00a0\u00bb border_color_bottom_field=\u00a0\u00bb#FFFFFF\u00a0\u00bb border_style_bottom_field=\u00a0\u00bbsolid\u00a0\u00bb global_colors_info=\u00a0\u00bb{%22gcid-f739ba2f-8aa0-47b6-a711-9f9cd598372e%22:%91%22border_color_bottom_field%22,%22submit_button_text_color%22,%22cf7_border_highlight_color%22,%22form_field_font_text_color%22%93,%22gcid-87408612-7e7d-4ab1-b978-e2ffc503044e%22:%91%22background_color%22%93}\u00a0\u00bb][\/dvppl_cf7_styler][\/et_pb_column][\/et_pb_row][\/et_pb_section]<\/p>\n","protected":false},"excerpt":{"rendered":"<p>Forte d&rsquo;une exp\u00e9rience depuis 2005, Sim Sports Corporation vend des simulateurs de golf haut de gamme ainsi que des cages de simulateurs. Ses marques distribu\u00e9es sont unanimement reconnues pour leur excellence dans l&rsquo;industrie, offrant une exp\u00e9rience de jeu virtuel et une qualit\u00e9 de finition sans pareil.<\/p>\n","protected":false},"author":1,"featured_media":0,"parent":0,"menu_order":0,"comment_status":"closed","ping_status":"closed","template":"","meta":{"_et_pb_use_builder":"on","_et_pb_old_content":"","_et_gb_content_width":"","footnotes":""},"class_list":["post-935","page","type-page","status-publish","hentry"],"_links":{"self":[{"href":"https:\/\/simsportscorporation.com\/fr\/wp-json\/wp\/v2\/pages\/935","targetHints":{"allow":["GET"]}}],"collection":[{"href":"https:\/\/simsportscorporation.com\/fr\/wp-json\/wp\/v2\/pages"}],"about":[{"href":"https:\/\/simsportscorporation.com\/fr\/wp-json\/wp\/v2\/types\/page"}],"author":[{"embeddable":true,"href":"https:\/\/simsportscorporation.com\/fr\/wp-json\/wp\/v2\/users\/1"}],"replies":[{"embeddable":true,"href":"https:\/\/simsportscorporation.com\/fr\/wp-json\/wp\/v2\/comments?post=935"}],"version-history":[{"count":5,"href":"https:\/\/simsportscorporation.com\/fr\/wp-json\/wp\/v2\/pages\/935\/revisions"}],"predecessor-version":[{"id":1198,"href":"https:\/\/simsportscorporation.com\/fr\/wp-json\/wp\/v2\/pages\/935\/revisions\/1198"}],"wp:attachment":[{"href":"https:\/\/simsportscorporation.com\/fr\/wp-json\/wp\/v2\/media?parent=935"}],"curies":[{"name":"wp","href":"https:\/\/api.w.org\/{rel}","templated":true}]}}