{"id":938,"date":"2025-04-27T15:40:29","date_gmt":"2025-04-27T15:40:29","guid":{"rendered":"https:\/\/simsportscorporation.com\/a-propos-de-sim-sports-corporation\/"},"modified":"2025-05-21T19:08:42","modified_gmt":"2025-05-21T19:08:42","slug":"a-propos-de-sim-sports-corporation","status":"publish","type":"page","link":"https:\/\/simsportscorporation.com\/fr\/a-propos-de-sim-sports-corporation\/","title":{"rendered":"\u00c0 propos de Sim Sports Corporation"},"content":{"rendered":"<p>[et_pb_section fb_built=\u00a0\u00bb1&Prime; admin_label=\u00a0\u00bbsection accueil entete\u00a0\u00bb module_class=\u00a0\u00bbsection-hover-trigger\u00a0\u00bb _builder_version=\u00a0\u00bb4.27.4&Prime; background_color=\u00a0\u00bb#000000&Prime; background_image=\u00a0\u00bbhttps:\/\/simsportscorporation.com\/wp-content\/uploads\/2025\/04\/About-SIMSportsCorporation-banner.png\u00a0\u00bb parallax=\u00a0\u00bbon\u00a0\u00bb parallax_method=\u00a0\u00bboff\u00a0\u00bb custom_margin=\u00a0\u00bb0px||0px||true|false\u00a0\u00bb custom_padding=\u00a0\u00bb0px||0px||false|false\u00a0\u00bb global_colors_info=\u00a0\u00bb{}\u00a0\u00bb][et_pb_row _builder_version=\u00a0\u00bb4.19.3&Prime; _module_preset=\u00a0\u00bbdefault\u00a0\u00bb position_origin_a=\u00a0\u00bbbottom_left\u00a0\u00bb position_origin_r=\u00a0\u00bbbottom_left\u00a0\u00bb height=\u00a0\u00bb819px\u00a0\u00bb height_tablet=\u00a0\u00bb613px\u00a0\u00bb height_phone=\u00a0\u00bb383px\u00a0\u00bb height_last_edited=\u00a0\u00bbon|desktop\u00a0\u00bb custom_margin=\u00a0\u00bb0px||0px||true|false\u00a0\u00bb custom_padding=\u00a0\u00bb0px||0px||true|false\u00a0\u00bb custom_css_main_element=\u00a0\u00bbposition: relative;\u00a0\u00bb global_colors_info=\u00a0\u00bb{}\u00a0\u00bb][et_pb_column type=\u00a0\u00bb4_4&Prime; _builder_version=\u00a0\u00bb4.19.3&Prime; _module_preset=\u00a0\u00bbdefault\u00a0\u00bb custom_css_main_element=\u00a0\u00bbposition: relative;\u00a0\u00bb global_colors_info=\u00a0\u00bb{}\u00a0\u00bb][et_pb_text module_class=\u00a0\u00bbtexte-entrance\u00a0\u00bb _builder_version=\u00a0\u00bb4.27.4&Prime; _module_preset=\u00a0\u00bbdefault\u00a0\u00bb header_font=\u00a0\u00bb|||on|||||\u00a0\u00bb header_text_color=\u00a0\u00bbgcid-f739ba2f-8aa0-47b6-a711-9f9cd598372e\u00a0\u00bb header_font_size=\u00a0\u00bb50px\u00a0\u00bb header_letter_spacing=\u00a0\u00bb1px\u00a0\u00bb header_line_height=\u00a0\u00bb1.1em\u00a0\u00bb background_color=\u00a0\u00bbRGBA(23,23,23,0.5)\u00a0\u00bb positioning=\u00a0\u00bbrelative\u00a0\u00bb position_origin_a=\u00a0\u00bbbottom_left\u00a0\u00bb position_origin_r=\u00a0\u00bbbottom_left\u00a0\u00bb width=\u00a0\u00bb50%\u00a0\u00bb width_tablet=\u00a0\u00bb50%\u00a0\u00bb width_phone=\u00a0\u00bb100%\u00a0\u00bb width_last_edited=\u00a0\u00bbon|phone\u00a0\u00bb custom_margin=\u00a0\u00bb52.3%||||false|true\u00a0\u00bb custom_padding=\u00a0\u00bb40px|50px|40px|50px|true|true\u00a0\u00bb animation_style=\u00a0\u00bbslide\u00a0\u00bb animation_direction=\u00a0\u00bbleft\u00a0\u00bb header_font_size_tablet=\u00a0\u00bb63px\u00a0\u00bb header_font_size_phone=\u00a0\u00bb28px\u00a0\u00bb header_font_size_last_edited=\u00a0\u00bbon|phone\u00a0\u00bb locked=\u00a0\u00bboff\u00a0\u00bb global_colors_info=\u00a0\u00bb{%22gcid-f739ba2f-8aa0-47b6-a711-9f9cd598372e%22:%91%22header_text_color%22%93}\u00a0\u00bb]<\/p>\n<h1>En avance<br \/>\nsur le jeu<br \/>\ndepuis 2005<\/h1>\n<p>[\/et_pb_text][\/et_pb_column][\/et_pb_row][\/et_pb_section][et_pb_section fb_built=\u00a0\u00bb1&Prime; custom_padding_last_edited=\u00a0\u00bbon|phone\u00a0\u00bb admin_label=\u00a0\u00bbSection Texte\u00a0\u00bb _builder_version=\u00a0\u00bb4.27.4&Prime; _module_preset=\u00a0\u00bbdefault\u00a0\u00bb background_color=\u00a0\u00bb#000000&Prime; custom_margin_tablet=\u00a0\u00bb\u00a0\u00bb custom_margin_phone=\u00a0\u00bb||||false|false\u00a0\u00bb custom_margin_last_edited=\u00a0\u00bbon|phone\u00a0\u00bb custom_padding=\u00a0\u00bb75px||85px||false|false\u00a0\u00bb custom_padding_tablet=\u00a0\u00bb85px||85px||true|false\u00a0\u00bb custom_padding_phone=\u00a0\u00bb85px||85px||true|true\u00a0\u00bb global_colors_info=\u00a0\u00bb{}\u00a0\u00bb][et_pb_row custom_padding_last_edited=\u00a0\u00bbon|phone\u00a0\u00bb _builder_version=\u00a0\u00bb4.27.4&Prime; _module_preset=\u00a0\u00bbdefault\u00a0\u00bb width_tablet=\u00a0\u00bb\u00a0\u00bb width_phone=\u00a0\u00bb90%\u00a0\u00bb width_last_edited=\u00a0\u00bbon|phone\u00a0\u00bb custom_margin_tablet=\u00a0\u00bb\u00a0\u00bb custom_margin_phone=\u00a0\u00bb||||false|true\u00a0\u00bb custom_margin_last_edited=\u00a0\u00bbon|phone\u00a0\u00bb custom_padding_tablet=\u00a0\u00bb\u00a0\u00bb custom_padding_phone=\u00a0\u00bb|||0px|false|false\u00a0\u00bb global_colors_info=\u00a0\u00bb{}\u00a0\u00bb width__hover_enabled=\u00a0\u00bboff|desktop\u00a0\u00bb][et_pb_column type=\u00a0\u00bb4_4&Prime; _builder_version=\u00a0\u00bb4.27.4&Prime; _module_preset=\u00a0\u00bbdefault\u00a0\u00bb global_colors_info=\u00a0\u00bb{}\u00a0\u00bb][et_pb_text _builder_version=\u00a0\u00bb4.27.4&Prime; _module_preset=\u00a0\u00bbdefault\u00a0\u00bb text_font=\u00a0\u00bb|300|||||||\u00a0\u00bb text_text_color=\u00a0\u00bbgcid-f739ba2f-8aa0-47b6-a711-9f9cd598372e\u00a0\u00bb text_font_size=\u00a0\u00bb21px\u00a0\u00bb text_letter_spacing=\u00a0\u00bb3px\u00a0\u00bb text_line_height=\u00a0\u00bb1.6em\u00a0\u00bb text_orientation=\u00a0\u00bbcenter\u00a0\u00bb width=\u00a0\u00bb76%\u00a0\u00bb width_tablet=\u00a0\u00bb76%\u00a0\u00bb width_phone=\u00a0\u00bb100%\u00a0\u00bb width_last_edited=\u00a0\u00bbon|phone\u00a0\u00bb text_font_size_tablet=\u00a0\u00bb21px\u00a0\u00bb text_font_size_phone=\u00a0\u00bb18px\u00a0\u00bb text_font_size_last_edited=\u00a0\u00bbon|phone\u00a0\u00bb custom_css_main_element=\u00a0\u00bbmargin-left: auto;||margin-right: auto;||display: block;\u00a0\u00bb global_colors_info=\u00a0\u00bb{%22gcid-f739ba2f-8aa0-47b6-a711-9f9cd598372e%22:%91%22text_text_color%22%93}\u00a0\u00bb]<\/p>\n<p>Sim Sports Corporation est une entreprise familiale canadienne d\u00e9di\u00e9e \u00e0 am\u00e9liorer l\u2019avenir du golf virtuel. Nous offrons des produits et exp\u00e9riences haut de gamme ainsi qu\u2019un service client irr\u00e9prochable \u00e0 travers nos marques <span style=\"color: #ffffff;\"><a href=\"https:\/\/simbooth.com\/\" target=\"_blank\" rel=\"noopener\" style=\"color: #ffffff;\">SimBooth<\/a><\/span>, <span style=\"color: #ffffff;\"><a href=\"https:\/\/www.golfinsim.com\/fr\/\" target=\"_blank\" rel=\"noopener\" style=\"color: #ffffff;\">GolfIn<\/a><\/span> et <span style=\"color: #ffffff;\"><a href=\"https:\/\/www.golfinsim.com\/fr\/idra-2\/\" target=\"_blank\" rel=\"noopener\" style=\"color: #ffffff;\">IDRA<\/a><\/span>.<\/p>\n<p>[\/et_pb_text][\/et_pb_column][\/et_pb_row][\/et_pb_section][et_pb_section fb_built=\u00a0\u00bb1&Prime; admin_label=\u00a0\u00bbSction 3 Photo\u00a0\u00bb _builder_version=\u00a0\u00bb4.27.4&Prime; _module_preset=\u00a0\u00bbdefault\u00a0\u00bb background_image=\u00a0\u00bbhttps:\/\/simsportscorporation.com\/wp-content\/uploads\/2025\/04\/History-img.png\u00a0\u00bb parallax=\u00a0\u00bbon\u00a0\u00bb background_last_edited=\u00a0\u00bbon|phone\u00a0\u00bb parallax_phone=\u00a0\u00bboff\u00a0\u00bb background_size_phone=\u00a0\u00bbcustom\u00a0\u00bb background_image_width_phone=\u00a0\u00bb110%\u00a0\u00bb background_position_phone=\u00a0\u00bbtop_center\u00a0\u00bb background_horizontal_offset_phone=\u00a0\u00bb0%\u00a0\u00bb custom_css_main_element=\u00a0\u00bbheight: 100vh;||background-size: cover;||background-position: center center;||background-repeat: no-repeat;\u00a0\u00bb global_colors_info=\u00a0\u00bb{}\u00a0\u00bb custom_css_main_element_last_edited=\u00a0\u00bbon|desktop\u00a0\u00bb custom_css_main_element_tablet=\u00a0\u00bbheight: 50vh;||background-size: cover;||background-position: center center;||background-repeat: no-repeat;\u00a0\u00bb custom_css_main_element_phone=\u00a0\u00bbheight: 15vh;||background-size: cover;||background-position: center center;||background-repeat: no-repeat;\u00a0\u00bb][\/et_pb_section][et_pb_section fb_built=\u00a0\u00bb1&Prime; admin_label=\u00a0\u00bbSection  Our brands\u00a0\u00bb _builder_version=\u00a0\u00bb4.27.4&Prime; _module_preset=\u00a0\u00bbdefault\u00a0\u00bb background_color=\u00a0\u00bb#000000&Prime; custom_padding=\u00a0\u00bb80px||||false|false\u00a0\u00bb global_colors_info=\u00a0\u00bb{}\u00a0\u00bb][et_pb_row admin_label=\u00a0\u00bbSimbooth\u00a0\u00bb _builder_version=\u00a0\u00bb4.27.4&Prime; _module_preset=\u00a0\u00bbdefault\u00a0\u00bb global_colors_info=\u00a0\u00bb{}\u00a0\u00bb][et_pb_column type=\u00a0\u00bb4_4&Prime; _builder_version=\u00a0\u00bb4.19.3&Prime; _module_preset=\u00a0\u00bbdefault\u00a0\u00bb global_colors_info=\u00a0\u00bb{}\u00a0\u00bb][et_pb_text _builder_version=\u00a0\u00bb4.27.4&Prime; _module_preset=\u00a0\u00bbdefault\u00a0\u00bb header_text_color=\u00a0\u00bbgcid-f739ba2f-8aa0-47b6-a711-9f9cd598372e\u00a0\u00bb header_2_font=\u00a0\u00bb|600||on|||||\u00a0\u00bb header_2_text_align=\u00a0\u00bbcenter\u00a0\u00bb header_2_text_color=\u00a0\u00bbgcid-f739ba2f-8aa0-47b6-a711-9f9cd598372e\u00a0\u00bb header_2_font_size=\u00a0\u00bb51px\u00a0\u00bb header_2_letter_spacing=\u00a0\u00bb3px\u00a0\u00bb header_2_line_height=\u00a0\u00bb1.3em\u00a0\u00bb custom_padding=\u00a0\u00bb||100px|||\u00a0\u00bb header_2_font_size_tablet=\u00a0\u00bb51px\u00a0\u00bb header_2_font_size_phone=\u00a0\u00bb36px\u00a0\u00bb header_2_font_size_last_edited=\u00a0\u00bbon|phone\u00a0\u00bb global_colors_info=\u00a0\u00bb{%22gcid-f739ba2f-8aa0-47b6-a711-9f9cd598372e%22:%91%22header_text_color%22,%22header_2_text_color%22%93}\u00a0\u00bb]<\/p>\n<h2>Une histoire<br \/>guid\u00e9e par l&rsquo;innovation<\/h2>\n<p>[\/et_pb_text][torq_timeline template=\u00a0\u00bbtemplate-3&Prime; content_padding=\u00a0\u00bb||||false|false\u00a0\u00bb content_radius=\u00a0\u00bb0px\u00a0\u00bb show_date=\u00a0\u00bboff\u00a0\u00bb show_arrow=\u00a0\u00bboff\u00a0\u00bb connector_position=\u00a0\u00bb30px\u00a0\u00bb connector_icon_size=\u00a0\u00bb30px\u00a0\u00bb connector_color=\u00a0\u00bbgcid-body-color\u00a0\u00bb connector_active_color=\u00a0\u00bbgcid-body-color\u00a0\u00bb connector_bg=\u00a0\u00bbRGBA(255,255,255,0)\u00a0\u00bb connector_height=\u00a0\u00bb0px\u00a0\u00bb connector_width=\u00a0\u00bb0px\u00a0\u00bb line_width=\u00a0\u00bb1px\u00a0\u00bb line_color=\u00a0\u00bbgcid-f739ba2f-8aa0-47b6-a711-9f9cd598372e\u00a0\u00bb active_line_color=\u00a0\u00bbRGBA(255,255,255,0)\u00a0\u00bb _builder_version=\u00a0\u00bb4.27.4&Prime; _module_preset=\u00a0\u00bbdefault\u00a0\u00bb title_font=\u00a0\u00bb&#8211;et_global_heading_font|100||on|||||\u00a0\u00bb title_text_color=\u00a0\u00bbgcid-f739ba2f-8aa0-47b6-a711-9f9cd598372e\u00a0\u00bb title_font_size=\u00a0\u00bb41px\u00a0\u00bb description_font=\u00a0\u00bb&#8211;et_global_body_font||||||||\u00a0\u00bb description_text_color=\u00a0\u00bbgcid-f739ba2f-8aa0-47b6-a711-9f9cd598372e\u00a0\u00bb description_font_size=\u00a0\u00bb24px\u00a0\u00bb description_letter_spacing=\u00a0\u00bb3px\u00a0\u00bb date_text_color=\u00a0\u00bbgcid-f739ba2f-8aa0-47b6-a711-9f9cd598372e\u00a0\u00bb day_font=\u00a0\u00bb||||||||\u00a0\u00bb animation_style=\u00a0\u00bbfade\u00a0\u00bb border_style_all_connector=\u00a0\u00bbnone\u00a0\u00bb global_colors_info=\u00a0\u00bb{%22gcid-f739ba2f-8aa0-47b6-a711-9f9cd598372e%22:%91%22line_color%22,%22title_text_color%22,%22date_text_color%22,%22description_text_color%22%93,%22gcid-body-color%22:%91%22connector_color%22,%22connector_active_color%22%93}\u00a0\u00bb][torq_timeline_child icon=\u00a0\u00bb&#x4b;||divi||400&Prime; title=\u00a0\u00bb1995&Prime; description=\u00a0\u00bbLes fr\u00e8res Fortin d\u00e9veloppent la premi\u00e8re version de leur simulateur de golf int\u00e9rieur.\u00a0\u00bb _builder_version=\u00a0\u00bb4.27.4&Prime; hover_transition_speed_curve=\u00a0\u00bbease-in\u00a0\u00bb global_colors_info=\u00a0\u00bb{}\u00a0\u00bb][\/torq_timeline_child][torq_timeline_child icon=\u00a0\u00bb&#x4b;||divi||400&Prime; title=\u00a0\u00bb2005&Prime; description=\u00a0\u00bbFondation officielle de GolfIn.\u00a0\u00bb _builder_version=\u00a0\u00bb4.27.4&Prime; border_style_all=\u00a0\u00bbnone\u00a0\u00bb global_colors_info=\u00a0\u00bb{}\u00a0\u00bb][\/torq_timeline_child][torq_timeline_child icon=\u00a0\u00bb&#x4b;||divi||400&Prime; title=\u00a0\u00bb2011&Prime; description=\u00a0\u00bbGolfIn ouvre une installation de 5 750 pi\u00b2, incluant un laboratoire R&#038;D et une salle de test pour l\u2019analyse des donn\u00e9es de trajectoire.\u00a0\u00bb _builder_version=\u00a0\u00bb4.27.4&Prime; global_colors_info=\u00a0\u00bb{}\u00a0\u00bb][\/torq_timeline_child][torq_timeline_child icon=\u00a0\u00bb&#x4b;||divi||400&Prime; title=\u00a0\u00bb2015&Prime; description=\u00a0\u00bbLancement du syst\u00e8me de gestion de centres de golf de GolfIn.\u00a0\u00bb _builder_version=\u00a0\u00bb4.27.4&Prime; global_colors_info=\u00a0\u00bb{}\u00a0\u00bb][\/torq_timeline_child][torq_timeline_child icon=\u00a0\u00bb&#x4b;||divi||400&Prime; title=\u00a0\u00bb2016&Prime; description=\u00a0\u00bbExpansion dans une nouvelle installation de 10 000 pi\u00b2 pour soutenir la croissance.\u00a0\u00bb _builder_version=\u00a0\u00bb4.27.4&Prime; global_colors_info=\u00a0\u00bb{}\u00a0\u00bb][\/torq_timeline_child][torq_timeline_child icon=\u00a0\u00bb&#x4b;||divi||400&Prime; title=\u00a0\u00bb2020&Prime; description=\u00a0\u00bbLancement de SimBooth, une gamme haut de gamme de structure de simulateurs de golf con\u00e7us pour une installation autonome et facile.\u00a0\u00bb _builder_version=\u00a0\u00bb4.27.4&Prime; global_colors_info=\u00a0\u00bb{}\u00a0\u00bb][\/torq_timeline_child][torq_timeline_child icon=\u00a0\u00bb&#x4b;||divi||400&Prime; title=\u00a0\u00bb2021&Prime; description=\u00a0\u00bbLancement d\u2019IDRA, la premi\u00e8re cam\u00e9ra de lancement install\u00e9e au plafond.\u00a0\u00bb _builder_version=\u00a0\u00bb4.27.4&Prime; global_colors_info=\u00a0\u00bb{}\u00a0\u00bb][\/torq_timeline_child][torq_timeline_child icon=\u00a0\u00bb&#x4b;||divi||400&Prime; title=\u00a0\u00bb2022&Prime; description=\u00a0\u00bbInauguration d\u2019une installation de 20 000 pi\u00b2 incluant un showroom et un centre de R&#038;D de pointe \u2014 repr\u00e9sentant un investissement de 1 million de dollars.\u00a0\u00bb _builder_version=\u00a0\u00bb4.27.4&Prime; global_colors_info=\u00a0\u00bb{}\u00a0\u00bb][\/torq_timeline_child][torq_timeline_child icon=\u00a0\u00bb&#x4b;||divi||400&Prime; title=\u00a0\u00bb2024&Prime; description=\u00a0\u00bbLancement d\u2019IDRA II et des SimBooth Kits, pour une exp\u00e9rience de golf int\u00e9rieur compl\u00e8te.\u00a0\u00bb _builder_version=\u00a0\u00bb4.27.4&Prime; global_colors_info=\u00a0\u00bb{}\u00a0\u00bb][\/torq_timeline_child][\/torq_timeline][\/et_pb_column][\/et_pb_row][\/et_pb_section][et_pb_section fb_built=\u00a0\u00bb1&Prime; admin_label=\u00a0\u00bbSection  Distributors opportunities\u00a0\u00bb _builder_version=\u00a0\u00bb4.27.4&Prime; _module_preset=\u00a0\u00bbdefault\u00a0\u00bb background_color=\u00a0\u00bb#000000&Prime; custom_padding=\u00a0\u00bb60px||50px|||\u00a0\u00bb global_colors_info=\u00a0\u00bb{}\u00a0\u00bb][et_pb_row admin_label=\u00a0\u00bbSimbooth\u00a0\u00bb _builder_version=\u00a0\u00bb4.27.4&Prime; _module_preset=\u00a0\u00bbdefault\u00a0\u00bb global_colors_info=\u00a0\u00bb{}\u00a0\u00bb][et_pb_column type=\u00a0\u00bb4_4&Prime; _builder_version=\u00a0\u00bb4.19.3&Prime; _module_preset=\u00a0\u00bbdefault\u00a0\u00bb global_colors_info=\u00a0\u00bb{}\u00a0\u00bb][et_pb_text _builder_version=\u00a0\u00bb4.27.4&Prime; _module_preset=\u00a0\u00bbdefault\u00a0\u00bb header_text_color=\u00a0\u00bbgcid-f739ba2f-8aa0-47b6-a711-9f9cd598372e\u00a0\u00bb header_2_font=\u00a0\u00bb|600||on|||||\u00a0\u00bb header_2_text_align=\u00a0\u00bbcenter\u00a0\u00bb header_2_text_color=\u00a0\u00bbgcid-f739ba2f-8aa0-47b6-a711-9f9cd598372e\u00a0\u00bb header_2_font_size=\u00a0\u00bb51px\u00a0\u00bb header_2_letter_spacing=\u00a0\u00bb3px\u00a0\u00bb header_2_line_height=\u00a0\u00bb1.3em\u00a0\u00bb custom_padding=\u00a0\u00bb||50px|||\u00a0\u00bb header_2_font_size_tablet=\u00a0\u00bb51px\u00a0\u00bb header_2_font_size_phone=\u00a0\u00bb30px\u00a0\u00bb header_2_font_size_last_edited=\u00a0\u00bbon|phone\u00a0\u00bb global_colors_info=\u00a0\u00bb{%22gcid-f739ba2f-8aa0-47b6-a711-9f9cd598372e%22:%91%22header_text_color%22,%22header_2_text_color%22%93}\u00a0\u00bb]<\/p>\n<h2>Notre univers<\/h2>\n<p>[\/et_pb_text][et_pb_text _builder_version=\u00a0\u00bb4.27.4&Prime; _module_preset=\u00a0\u00bbdefault\u00a0\u00bb text_font=\u00a0\u00bb|300|||||||\u00a0\u00bb text_text_color=\u00a0\u00bbgcid-f739ba2f-8aa0-47b6-a711-9f9cd598372e\u00a0\u00bb text_font_size=\u00a0\u00bb18px\u00a0\u00bb text_letter_spacing=\u00a0\u00bb1.3px\u00a0\u00bb text_line_height=\u00a0\u00bb1.6em\u00a0\u00bb text_orientation=\u00a0\u00bbcenter\u00a0\u00bb width=\u00a0\u00bb76%\u00a0\u00bb width_tablet=\u00a0\u00bb76%\u00a0\u00bb width_phone=\u00a0\u00bb100%\u00a0\u00bb width_last_edited=\u00a0\u00bbon|phone\u00a0\u00bb animation_style=\u00a0\u00bbslide\u00a0\u00bb animation_direction=\u00a0\u00bbleft\u00a0\u00bb animation_duration=\u00a0\u00bb1500ms\u00a0\u00bb animation_delay=\u00a0\u00bb500ms\u00a0\u00bb custom_css_main_element=\u00a0\u00bbmargin-left: auto;||margin-right: auto;||display: block;\u00a0\u00bb locked=\u00a0\u00bboff\u00a0\u00bb global_colors_info=\u00a0\u00bb{%22gcid-f739ba2f-8aa0-47b6-a711-9f9cd598372e%22:%91%22text_text_color%22%93}\u00a0\u00bb]<\/p>\n<p>Chez Sim Sports Corporation, le golf n\u2019est pas qu\u2019un jeu \u2014 c\u2019est un mode de vie. Nous vivons et respirons le golf. Chaque membre de notre \u00e9quipe partage une passion profonde pour ce sport et une volont\u00e9 d\u2019innover avec des produits et technologies qui aident les joueurs \u00e0 s\u2019am\u00e9liorer.<\/p>\n<p>Le m\u00eame d\u00e9vouement que les golfeurs mettent sur le terrain nous anime dans nos bureaux, notre usine et notre centre de distribution. Nous portons une attention extr\u00eame aux d\u00e9tails pour concevoir des produits de haute qualit\u00e9 au meilleur prix possible.<\/p>\n<p>Notre mission est simple : soutenir le golf \u00e0 tous les niveaux et rendre la technologie de golf de haut niveau accessible.<\/p>\n<p>Parce que quand on vit pour le golf, chaque \u00e9lan compte.<\/p>\n<p>[\/et_pb_text][\/et_pb_column][\/et_pb_row][\/et_pb_section][et_pb_section fb_built=\u00a0\u00bb1&Prime; admin_label=\u00a0\u00bbSim World 1&Prime; _builder_version=\u00a0\u00bb4.27.4&Prime; _module_preset=\u00a0\u00bbdefault\u00a0\u00bb background_color=\u00a0\u00bb#000000&Prime; background_enable_image=\u00a0\u00bboff\u00a0\u00bb parallax=\u00a0\u00bbon\u00a0\u00bb custom_margin=\u00a0\u00bb||||false|false\u00a0\u00bb custom_padding=\u00a0\u00bb||||false|false\u00a0\u00bb border_color_all=\u00a0\u00bbgcid-794ac42b-f4ac-46af-94fa-a896777ce76f\u00a0\u00bb locked=\u00a0\u00bboff\u00a0\u00bb global_colors_info=\u00a0\u00bb{%22gcid-5a4c1ccf-7771-429c-b12e-797db3dd287b%22:%91%22border_color_bottom%22%93,%22gcid-794ac42b-f4ac-46af-94fa-a896777ce76f%22:%91%22border_color_all%22%93}\u00a0\u00bb][et_pb_row column_structure=\u00a0\u00bb2_3,1_3&Prime; make_equal=\u00a0\u00bbon\u00a0\u00bb module_class=\u00a0\u00bbmon-row-custom\u00a0\u00bb _builder_version=\u00a0\u00bb4.27.4&Prime; _module_preset=\u00a0\u00bbdefault\u00a0\u00bb width=\u00a0\u00bb100%\u00a0\u00bb max_width=\u00a0\u00bb100%\u00a0\u00bb custom_padding=\u00a0\u00bb0px||0px||true|false\u00a0\u00bb locked=\u00a0\u00bboff\u00a0\u00bb global_colors_info=\u00a0\u00bb{}\u00a0\u00bb][et_pb_column type=\u00a0\u00bb2_3&Prime; _builder_version=\u00a0\u00bb4.27.4&Prime; _module_preset=\u00a0\u00bbdefault\u00a0\u00bb global_colors_info=\u00a0\u00bb{}\u00a0\u00bb][et_pb_image src=\u00a0\u00bbhttps:\/\/simsportscorporation.com\/wp-content\/uploads\/2025\/04\/Look-into-our-world-img12069X940.jpg\u00a0\u00bb alt=\u00a0\u00bbSim Sports Corporartion World\u00a0\u00bb title_text=\u00a0\u00bbLook-into-our-world-img12069X940&Prime; _builder_version=\u00a0\u00bb4.27.4&Prime; _module_preset=\u00a0\u00bbdefault\u00a0\u00bb global_colors_info=\u00a0\u00bb{}\u00a0\u00bb][\/et_pb_image][\/et_pb_column][et_pb_column type=\u00a0\u00bb1_3&Prime; _builder_version=\u00a0\u00bb4.27.4&Prime; _module_preset=\u00a0\u00bbdefault\u00a0\u00bb global_colors_info=\u00a0\u00bb{}\u00a0\u00bb][et_pb_image src=\u00a0\u00bbhttps:\/\/simsportscorporation.com\/wp-content\/uploads\/2025\/04\/Look-into-our-world-img2977X940.jpg\u00a0\u00bb alt=\u00a0\u00bbSim Sports Corporartion World\u00a0\u00bb title_text=\u00a0\u00bbLook-into-our-world-img2977X940&Prime; force_fullwidth=\u00a0\u00bbon\u00a0\u00bb _builder_version=\u00a0\u00bb4.27.4&Prime; _module_preset=\u00a0\u00bbdefault\u00a0\u00bb global_colors_info=\u00a0\u00bb{}\u00a0\u00bb][\/et_pb_image][\/et_pb_column][\/et_pb_row][\/et_pb_section][et_pb_section fb_built=\u00a0\u00bb1&Prime; admin_label=\u00a0\u00bbSim World 2&Prime; _builder_version=\u00a0\u00bb4.27.4&Prime; _module_preset=\u00a0\u00bbdefault\u00a0\u00bb background_color=\u00a0\u00bb#000000&Prime; background_enable_image=\u00a0\u00bboff\u00a0\u00bb parallax=\u00a0\u00bbon\u00a0\u00bb custom_margin=\u00a0\u00bb||||false|false\u00a0\u00bb custom_padding=\u00a0\u00bb6px||4px||false|false\u00a0\u00bb border_color_all=\u00a0\u00bbgcid-794ac42b-f4ac-46af-94fa-a896777ce76f\u00a0\u00bb border_style_bottom=\u00a0\u00bbnone\u00a0\u00bb locked=\u00a0\u00bboff\u00a0\u00bb global_colors_info=\u00a0\u00bb{%22gcid-5a4c1ccf-7771-429c-b12e-797db3dd287b%22:%91%22border_color_bottom%22%93,%22gcid-794ac42b-f4ac-46af-94fa-a896777ce76f%22:%91%22border_color_all%22,%22border_color_all%22,%22background_color%22,%22border_color_bottom%22%93}\u00a0\u00bb][et_pb_row _builder_version=\u00a0\u00bb4.27.4&Prime; _module_preset=\u00a0\u00bbdefault\u00a0\u00bb width=\u00a0\u00bb100%\u00a0\u00bb max_width=\u00a0\u00bb100%\u00a0\u00bb custom_padding=\u00a0\u00bb20px||20px||true|false\u00a0\u00bb global_colors_info=\u00a0\u00bb{}\u00a0\u00bb][et_pb_column type=\u00a0\u00bb4_4&Prime; _builder_version=\u00a0\u00bb4.27.4&Prime; _module_preset=\u00a0\u00bbdefault\u00a0\u00bb global_colors_info=\u00a0\u00bb{}\u00a0\u00bb][et_pb_image src=\u00a0\u00bbhttps:\/\/simsportscorporation.com\/wp-content\/uploads\/2025\/04\/Look-into-our-world-img3.png\u00a0\u00bb alt=\u00a0\u00bbSim Sports Corporartion World\u00a0\u00bb title_text=\u00a0\u00bbRegarder dans notre monde-img3&Prime; show_bottom_space=\u00a0\u00bboff\u00a0\u00bb _builder_version=\u00a0\u00bb4.27.4&Prime; _module_preset=\u00a0\u00bbdefault\u00a0\u00bb custom_margin=\u00a0\u00bb0px||0px||true|false\u00a0\u00bb custom_padding=\u00a0\u00bb0px||0px||true|false\u00a0\u00bb global_colors_info=\u00a0\u00bb{}\u00a0\u00bb][\/et_pb_image][\/et_pb_column][\/et_pb_row][\/et_pb_section][et_pb_section fb_built=\u00a0\u00bb1&Prime; admin_label=\u00a0\u00bbSim World 3&Prime; _builder_version=\u00a0\u00bb4.27.4&Prime; _module_preset=\u00a0\u00bbdefault\u00a0\u00bb background_color=\u00a0\u00bb#000000&Prime; background_enable_image=\u00a0\u00bboff\u00a0\u00bb parallax=\u00a0\u00bbon\u00a0\u00bb custom_margin=\u00a0\u00bb||||false|false\u00a0\u00bb custom_padding=\u00a0\u00bb5px||||false|false\u00a0\u00bb border_color_all=\u00a0\u00bbgcid-794ac42b-f4ac-46af-94fa-a896777ce76f\u00a0\u00bb locked=\u00a0\u00bboff\u00a0\u00bb global_colors_info=\u00a0\u00bb{%22gcid-5a4c1ccf-7771-429c-b12e-797db3dd287b%22:%91%22border_color_bottom%22%93,%22gcid-794ac42b-f4ac-46af-94fa-a896777ce76f%22:%91%22border_color_all%22%93}\u00a0\u00bb][et_pb_row column_structure=\u00a0\u00bb1_3,2_3&Prime; module_class=\u00a0\u00bbmon-row-custom\u00a0\u00bb _builder_version=\u00a0\u00bb4.27.4&Prime; _module_preset=\u00a0\u00bbdefault\u00a0\u00bb width=\u00a0\u00bb100%\u00a0\u00bb max_width=\u00a0\u00bb100%\u00a0\u00bb custom_padding=\u00a0\u00bb77px|||||\u00a0\u00bb global_colors_info=\u00a0\u00bb{}\u00a0\u00bb][et_pb_column type=\u00a0\u00bb1_3&Prime; _builder_version=\u00a0\u00bb4.27.4&Prime; _module_preset=\u00a0\u00bbdefault\u00a0\u00bb global_colors_info=\u00a0\u00bb{}\u00a0\u00bb][et_pb_image src=\u00a0\u00bbhttps:\/\/simsportscorporation.com\/wp-content\/uploads\/2025\/04\/Look-into-our-world-img4.png\u00a0\u00bb alt=\u00a0\u00bbSim Sports Corporartion World\u00a0\u00bb title_text=\u00a0\u00bbRegarder dans notre monde-img4&Prime; _builder_version=\u00a0\u00bb4.27.4&Prime; _module_preset=\u00a0\u00bbdefault\u00a0\u00bb global_colors_info=\u00a0\u00bb{}\u00a0\u00bb][\/et_pb_image][\/et_pb_column][et_pb_column type=\u00a0\u00bb2_3&Prime; _builder_version=\u00a0\u00bb4.27.4&Prime; _module_preset=\u00a0\u00bbdefault\u00a0\u00bb global_colors_info=\u00a0\u00bb{}\u00a0\u00bb][et_pb_image src=\u00a0\u00bbhttps:\/\/simsportscorporation.com\/wp-content\/uploads\/2025\/04\/Look-into-our-world-img5.png\u00a0\u00bb alt=\u00a0\u00bbSim Sports Corporartion World\u00a0\u00bb title_text=\u00a0\u00bbRegarder dans notre monde-img5&Prime; _builder_version=\u00a0\u00bb4.27.4&Prime; _module_preset=\u00a0\u00bbdefault\u00a0\u00bb global_colors_info=\u00a0\u00bb{}\u00a0\u00bb][\/et_pb_image][\/et_pb_column][\/et_pb_row][\/et_pb_section]<\/p>\n","protected":false},"excerpt":{"rendered":"<p>Forte d&rsquo;une exp\u00e9rience depuis 2005, Sim Sports Corporation vend des simulateurs de golf haut de gamme ainsi que des cages de simulateurs. Ses marques distribu\u00e9es sont unanimement reconnues pour leur excellence dans l&rsquo;industrie, offrant une exp\u00e9rience de jeu virtuel et une qualit\u00e9 de finition sans pareil.<\/p>\n","protected":false},"author":1,"featured_media":0,"parent":0,"menu_order":0,"comment_status":"closed","ping_status":"closed","template":"","meta":{"_et_pb_use_builder":"on","_et_pb_old_content":"","_et_gb_content_width":"","footnotes":""},"class_list":["post-938","page","type-page","status-publish","hentry"],"_links":{"self":[{"href":"https:\/\/simsportscorporation.com\/fr\/wp-json\/wp\/v2\/pages\/938","targetHints":{"allow":["GET"]}}],"collection":[{"href":"https:\/\/simsportscorporation.com\/fr\/wp-json\/wp\/v2\/pages"}],"about":[{"href":"https:\/\/simsportscorporation.com\/fr\/wp-json\/wp\/v2\/types\/page"}],"author":[{"embeddable":true,"href":"https:\/\/simsportscorporation.com\/fr\/wp-json\/wp\/v2\/users\/1"}],"replies":[{"embeddable":true,"href":"https:\/\/simsportscorporation.com\/fr\/wp-json\/wp\/v2\/comments?post=938"}],"version-history":[{"count":12,"href":"https:\/\/simsportscorporation.com\/fr\/wp-json\/wp\/v2\/pages\/938\/revisions"}],"predecessor-version":[{"id":1193,"href":"https:\/\/simsportscorporation.com\/fr\/wp-json\/wp\/v2\/pages\/938\/revisions\/1193"}],"wp:attachment":[{"href":"https:\/\/simsportscorporation.com\/fr\/wp-json\/wp\/v2\/media?parent=938"}],"curies":[{"name":"wp","href":"https:\/\/api.w.org\/{rel}","templated":true}]}}